{"id":115,"date":"2024-10-09T08:36:19","date_gmt":"2024-10-09T08:36:19","guid":{"rendered":"https:\/\/fruicarn.panelserver.org\/?page_id=115"},"modified":"2024-11-26T15:49:12","modified_gmt":"2024-11-26T14:49:12","slug":"registres-i-homologacions","status":"publish","type":"page","link":"https:\/\/fruicarn.es\/ca\/registres-i-homologacions\/","title":{"rendered":"Registres i Homologacions"},"content":{"rendered":"\t\t<div data-elementor-type=\"wp-page\" data-elementor-id=\"115\" class=\"elementor elementor-115\" data-elementor-post-type=\"page\">\n\t\t\t\t<div class=\"elementor-element elementor-element-a6d051a e-flex e-con-boxed e-con e-parent\" data-id=\"a6d051a\" data-element_type=\"container\" data-settings=\"{&quot;background_background&quot;:&quot;classic&quot;}\">\n\t\t\t\t\t<div class=\"e-con-inner\">\n\t\t\t\t<div class=\"elementor-element elementor-element-3af967c elementor-widget elementor-widget-heading\" data-id=\"3af967c\" data-element_type=\"widget\" data-widget_type=\"heading.default\">\n\t\t\t\t<div class=\"elementor-widget-container\">\n\t\t\t\t\t<h1 class=\"elementor-heading-title elementor-size-default\">\n\nEn un mercat cada vegada m\u00e9s competitiu la import\u00e0ncia dels registres i certificacions en la ind\u00fastria agroaliment\u00e0ria \u00e9s vital.<\/h1>\t\t\t\t<\/div>\n\t\t\t\t<\/div>\n\t\t\t\t\t<\/div>\n\t\t\t\t<\/div>\n\t\t<div class=\"elementor-element elementor-element-65efc00 e-flex e-con-boxed e-con e-parent\" data-id=\"65efc00\" data-element_type=\"container\" data-settings=\"{&quot;background_background&quot;:&quot;classic&quot;}\">\n\t\t\t\t\t<div class=\"e-con-inner\">\n\t\t<div class=\"elementor-element elementor-element-13a9d77 e-con-full e-flex e-con e-child\" data-id=\"13a9d77\" data-element_type=\"container\">\n\t\t\t\t<\/div>\n\t\t\t\t\t<\/div>\n\t\t\t\t<\/div>\n\t\t<div class=\"elementor-element elementor-element-9a4cc75 e-flex e-con-boxed e-con e-parent\" data-id=\"9a4cc75\" data-element_type=\"container\">\n\t\t\t\t\t<div class=\"e-con-inner\">\n\t\t\t\t<div class=\"elementor-element elementor-element-ba83618 elementor-widget elementor-widget-heading\" data-id=\"ba83618\" data-element_type=\"widget\" data-widget_type=\"heading.default\">\n\t\t\t\t<div class=\"elementor-widget-container\">\n\t\t\t\t\t<h2 class=\"elementor-heading-title elementor-size-default\">REGISTRES I HOMOLOGACIONS<\/h2>\t\t\t\t<\/div>\n\t\t\t\t<\/div>\n\t\t\t\t\t<\/div>\n\t\t\t\t<\/div>\n\t\t<div class=\"elementor-element elementor-element-45ce117 e-con-full e-flex e-con e-parent\" data-id=\"45ce117\" data-element_type=\"container\" data-settings=\"{&quot;background_background&quot;:&quot;classic&quot;}\">\n\t\t<div class=\"elementor-element elementor-element-4b29f94 e-con-full e-flex e-con e-child\" data-id=\"4b29f94\" data-element_type=\"container\">\n\t\t<div class=\"elementor-element elementor-element-daaf6ba e-con-full e-flex e-con e-child\" data-id=\"daaf6ba\" data-element_type=\"container\">\n\t\t\t\t<div class=\"elementor-element elementor-element-ef59caf elementor-widget elementor-widget-image\" data-id=\"ef59caf\" data-element_type=\"widget\" data-widget_type=\"image.default\">\n\t\t\t\t<div class=\"elementor-widget-container\">\n\t\t\t\t\t\t\t\t\t\t\t\t\t\t\t<img fetchpriority=\"high\" decoding=\"async\" width=\"800\" height=\"170\" src=\"https:\/\/fruicarn.es\/wp-content\/uploads\/2024\/10\/800px-AESAN_logo-1.png\" class=\"attachment-full size-full wp-image-808\" alt=\"\" srcset=\"https:\/\/fruicarn.es\/wp-content\/uploads\/2024\/10\/800px-AESAN_logo-1.png 800w, https:\/\/fruicarn.es\/wp-content\/uploads\/2024\/10\/800px-AESAN_logo-1-300x64.png 300w, https:\/\/fruicarn.es\/wp-content\/uploads\/2024\/10\/800px-AESAN_logo-1-768x163.png 768w\" sizes=\"(max-width: 800px) 100vw, 800px\" \/>\t\t\t\t\t\t\t\t\t\t\t\t\t\t\t<\/div>\n\t\t\t\t<\/div>\n\t\t\t\t<\/div>\n\t\t<div class=\"elementor-element elementor-element-ed1cb3b e-con-full e-flex e-con e-child\" data-id=\"ed1cb3b\" data-element_type=\"container\">\n\t\t\t\t<div class=\"elementor-element elementor-element-c709e38 elementor-widget elementor-widget-image\" data-id=\"c709e38\" data-element_type=\"widget\" data-widget_type=\"image.default\">\n\t\t\t\t<div class=\"elementor-widget-container\">\n\t\t\t\t\t\t\t\t\t\t\t\t\t\t\t<img decoding=\"async\" width=\"955\" height=\"320\" src=\"https:\/\/fruicarn.es\/wp-content\/uploads\/2024\/10\/rsipac-GENCAT-1.png\" class=\"attachment-full size-full wp-image-810\" alt=\"\" srcset=\"https:\/\/fruicarn.es\/wp-content\/uploads\/2024\/10\/rsipac-GENCAT-1.png 955w, https:\/\/fruicarn.es\/wp-content\/uploads\/2024\/10\/rsipac-GENCAT-1-300x101.png 300w, https:\/\/fruicarn.es\/wp-content\/uploads\/2024\/10\/rsipac-GENCAT-1-768x257.png 768w\" sizes=\"(max-width: 955px) 100vw, 955px\" \/>\t\t\t\t\t\t\t\t\t\t\t\t\t\t\t<\/div>\n\t\t\t\t<\/div>\n\t\t\t\t<\/div>\n\t\t<div class=\"elementor-element elementor-element-6aadaa8 e-con-full e-flex e-con e-child\" data-id=\"6aadaa8\" data-element_type=\"container\">\n\t\t\t\t<div class=\"elementor-element elementor-element-a2b36e1 elementor-widget elementor-widget-image\" data-id=\"a2b36e1\" data-element_type=\"widget\" data-widget_type=\"image.default\">\n\t\t\t\t<div class=\"elementor-widget-container\">\n\t\t\t\t\t\t\t\t\t\t\t\t\t\t\t<img decoding=\"async\" width=\"331\" height=\"273\" src=\"https:\/\/fruicarn.es\/wp-content\/uploads\/2024\/10\/CCPAE_logoWEBvert-1.png\" class=\"attachment-full size-full wp-image-812\" alt=\"\" srcset=\"https:\/\/fruicarn.es\/wp-content\/uploads\/2024\/10\/CCPAE_logoWEBvert-1.png 331w, https:\/\/fruicarn.es\/wp-content\/uploads\/2024\/10\/CCPAE_logoWEBvert-1-300x247.png 300w\" sizes=\"(max-width: 331px) 100vw, 331px\" \/>\t\t\t\t\t\t\t\t\t\t\t\t\t\t\t<\/div>\n\t\t\t\t<\/div>\n\t\t\t\t<\/div>\n\t\t\t\t<\/div>\n\t\t<div class=\"elementor-element elementor-element-4fc5bd0 e-con-full e-flex e-con e-child\" data-id=\"4fc5bd0\" data-element_type=\"container\">\n\t\t<div class=\"elementor-element elementor-element-f346903 e-con-full e-flex e-con e-child\" data-id=\"f346903\" data-element_type=\"container\">\n\t\t\t\t<div class=\"elementor-element elementor-element-d6f75ad elementor-widget elementor-widget-text-editor\" data-id=\"d6f75ad\" data-element_type=\"widget\" data-widget_type=\"text-editor.default\">\n\t\t\t\t<div class=\"elementor-widget-container\">\n\t\t\t\t\t\t\t\t\t<p><strong><span lang=\"CA\">N.\u00ba Registre Industries Agroaliment\u00e0ries:\u00a025\/40268<\/span><\/strong><\/p>\t\t\t\t\t\t\t\t<\/div>\n\t\t\t\t<\/div>\n\t\t\t\t<\/div>\n\t\t<div class=\"elementor-element elementor-element-3ea8ae3 e-con-full elementor-hidden-tablet elementor-hidden-mobile e-flex e-con e-child\" data-id=\"3ea8ae3\" data-element_type=\"container\">\n\t\t\t\t<\/div>\n\t\t<div class=\"elementor-element elementor-element-e8a4fa0 e-con-full elementor-hidden-tablet elementor-hidden-mobile e-flex e-con e-child\" data-id=\"e8a4fa0\" data-element_type=\"container\">\n\t\t\t\t<\/div>\n\t\t\t\t<\/div>\n\t\t<div class=\"elementor-element elementor-element-f5e8ee4 e-con-full e-flex e-con e-child\" data-id=\"f5e8ee4\" data-element_type=\"container\">\n\t\t<div class=\"elementor-element elementor-element-f92a5bc e-con-full e-flex e-con e-child\" data-id=\"f92a5bc\" data-element_type=\"container\">\n\t\t\t\t<div class=\"elementor-element elementor-element-76515cf elementor-widget elementor-widget-text-editor\" data-id=\"76515cf\" data-element_type=\"widget\" data-widget_type=\"text-editor.default\">\n\t\t\t\t<div class=\"elementor-widget-container\">\n\t\t\t\t\t\t\t\t\t<p><strong>RGSEAA:<\/strong><br \/>10.09128\/L \u2013 Emmagatzematge de carns12.12211\/L \u2013 Emmagatzematge de productes de la pesca i aq\u00fcicultura congelats.40.02427\/L \u2013 Emmagatzematge frigor\u00edfic polivalent<\/p>\t\t\t\t\t\t\t\t<\/div>\n\t\t\t\t<\/div>\n\t\t\t\t<\/div>\n\t\t<div class=\"elementor-element elementor-element-ad74a24 e-con-full e-flex e-con e-child\" data-id=\"ad74a24\" data-element_type=\"container\">\n\t\t\t\t<div class=\"elementor-element elementor-element-90dc489 elementor-widget elementor-widget-text-editor\" data-id=\"90dc489\" data-element_type=\"widget\" data-widget_type=\"text-editor.default\">\n\t\t\t\t<div class=\"elementor-widget-container\">\n\t\t\t\t\t\t\t\t\t<p><strong>RSIPAC:<\/strong><br \/>10.05355\/CAT \u2013 Emmagatzematge de carns12.05284\/CAT \u2013 Emmagatzematge de productes de la pesca i aq\u00fcicultura congelats.40.04103\/CAT \u2013 Emmagatzematge frigor\u00edfic polivalent<\/p>\t\t\t\t\t\t\t\t<\/div>\n\t\t\t\t<\/div>\n\t\t\t\t<\/div>\n\t\t<div class=\"elementor-element elementor-element-72668c9 e-con-full e-flex e-con e-child\" data-id=\"72668c9\" data-element_type=\"container\">\n\t\t\t\t<div class=\"elementor-element elementor-element-2bac159 elementor-widget elementor-widget-text-editor\" data-id=\"2bac159\" data-element_type=\"widget\" data-widget_type=\"text-editor.default\">\n\t\t\t\t<div class=\"elementor-widget-container\">\n\t\t\t\t\t\t\t\t\t<p><strong>ECOL\u00d2GIC:<\/strong><br \/>N\u00ba Registre operadors del Consell Catal\u00e0 de la Producci\u00f3 Agr\u00e0ria Ecol\u00f2gica (CCPAE): CT\/006376\/C<\/p>\t\t\t\t\t\t\t\t<\/div>\n\t\t\t\t<\/div>\n\t\t\t\t<\/div>\n\t\t\t\t<\/div>\n\t\t\t\t<\/div>\n\t\t\t\t<\/div>\n\t\t","protected":false},"excerpt":{"rendered":"<p>En un mercat cada vegada m\u00e9s competitiu la import\u00e0ncia dels registres i certificacions en la ind\u00fastria agroaliment\u00e0ria \u00e9s vital. REGISTRES I HOMOLOGACIONS N.\u00ba Registre Industries Agroaliment\u00e0ries:\u00a025\/40268 RGSEAA:10.09128\/L \u2013 Emmagatzematge de carns12.12211\/L \u2013 Emmagatzematge de productes de la pesca i aq\u00fcicultura congelats.40.02427\/L \u2013 Emmagatzematge frigor\u00edfic polivalent RSIPAC:10.05355\/CAT \u2013 Emmagatzematge de carns12.05284\/CAT \u2013 Emmagatzematge de productes de [&hellip;]<\/p>\n","protected":false},"author":1,"featured_media":0,"parent":0,"menu_order":0,"comment_status":"closed","ping_status":"closed","template":"elementor_header_footer","meta":{"footnotes":""},"class_list":["post-115","page","type-page","status-publish","hentry"],"yoast_head":"<!-- This site is optimized with the Yoast SEO plugin v25.2 - https:\/\/yoast.com\/wordpress\/plugins\/seo\/ -->\n<title>Registres i Homologacions - Fruicarn<\/title>\n<meta name=\"robots\" content=\"index, follow, max-snippet:-1, max-image-preview:large, max-video-preview:-1\" \/>\n<link rel=\"canonical\" href=\"https:\/\/fruicarn.es\/ca\/registres-i-homologacions\/\" \/>\n<meta property=\"og:locale\" content=\"ca_ES\" \/>\n<meta property=\"og:type\" content=\"article\" \/>\n<meta property=\"og:title\" content=\"Registres i Homologacions - Fruicarn\" \/>\n<meta property=\"og:description\" content=\"En un mercat cada vegada m\u00e9s competitiu la import\u00e0ncia dels registres i certificacions en la ind\u00fastria agroaliment\u00e0ria \u00e9s vital. REGISTRES I HOMOLOGACIONS N.\u00ba Registre Industries Agroaliment\u00e0ries:\u00a025\/40268 RGSEAA:10.09128\/L \u2013 Emmagatzematge de carns12.12211\/L \u2013 Emmagatzematge de productes de la pesca i aq\u00fcicultura congelats.40.02427\/L \u2013 Emmagatzematge frigor\u00edfic polivalent RSIPAC:10.05355\/CAT \u2013 Emmagatzematge de carns12.05284\/CAT \u2013 Emmagatzematge de productes de [&hellip;]\" \/>\n<meta property=\"og:url\" content=\"https:\/\/fruicarn.es\/ca\/registres-i-homologacions\/\" \/>\n<meta property=\"og:site_name\" content=\"Fruicarn\" \/>\n<meta property=\"article:modified_time\" content=\"2024-11-26T14:49:12+00:00\" \/>\n<meta property=\"og:image\" content=\"https:\/\/fruicarn.es\/wp-content\/uploads\/2024\/10\/800px-AESAN_logo-1.png\" \/>\n\t<meta property=\"og:image:width\" content=\"800\" \/>\n\t<meta property=\"og:image:height\" content=\"170\" \/>\n\t<meta property=\"og:image:type\" content=\"image\/png\" \/>\n<meta name=\"twitter:card\" content=\"summary_large_image\" \/>\n<meta name=\"twitter:label1\" content=\"Temps estimat de lectura\" \/>\n\t<meta name=\"twitter:data1\" content=\"2 minuts\" \/>\n<script type=\"application\/ld+json\" class=\"yoast-schema-graph\">{\"@context\":\"https:\/\/schema.org\",\"@graph\":[{\"@type\":\"WebPage\",\"@id\":\"https:\/\/fruicarn.es\/ca\/registres-i-homologacions\/\",\"url\":\"https:\/\/fruicarn.es\/ca\/registres-i-homologacions\/\",\"name\":\"Registres i Homologacions - Fruicarn\",\"isPartOf\":{\"@id\":\"https:\/\/fruicarn.es\/ca\/#website\"},\"primaryImageOfPage\":{\"@id\":\"https:\/\/fruicarn.es\/ca\/registres-i-homologacions\/#primaryimage\"},\"image\":{\"@id\":\"https:\/\/fruicarn.es\/ca\/registres-i-homologacions\/#primaryimage\"},\"thumbnailUrl\":\"https:\/\/fruicarn.es\/wp-content\/uploads\/2024\/10\/800px-AESAN_logo-1.png\",\"datePublished\":\"2024-10-09T08:36:19+00:00\",\"dateModified\":\"2024-11-26T14:49:12+00:00\",\"breadcrumb\":{\"@id\":\"https:\/\/fruicarn.es\/ca\/registres-i-homologacions\/#breadcrumb\"},\"inLanguage\":\"ca\",\"potentialAction\":[{\"@type\":\"ReadAction\",\"target\":[\"https:\/\/fruicarn.es\/ca\/registres-i-homologacions\/\"]}]},{\"@type\":\"ImageObject\",\"inLanguage\":\"ca\",\"@id\":\"https:\/\/fruicarn.es\/ca\/registres-i-homologacions\/#primaryimage\",\"url\":\"https:\/\/fruicarn.es\/wp-content\/uploads\/2024\/10\/800px-AESAN_logo-1.png\",\"contentUrl\":\"https:\/\/fruicarn.es\/wp-content\/uploads\/2024\/10\/800px-AESAN_logo-1.png\"},{\"@type\":\"BreadcrumbList\",\"@id\":\"https:\/\/fruicarn.es\/ca\/registres-i-homologacions\/#breadcrumb\",\"itemListElement\":[{\"@type\":\"ListItem\",\"position\":1,\"name\":\"Portada\",\"item\":\"https:\/\/fruicarn.es\/ca\/\"},{\"@type\":\"ListItem\",\"position\":2,\"name\":\"Registres i Homologacions\"}]},{\"@type\":\"WebSite\",\"@id\":\"https:\/\/fruicarn.es\/ca\/#website\",\"url\":\"https:\/\/fruicarn.es\/ca\/\",\"name\":\"Fruicarn\",\"description\":\"\",\"potentialAction\":[{\"@type\":\"SearchAction\",\"target\":{\"@type\":\"EntryPoint\",\"urlTemplate\":\"https:\/\/fruicarn.es\/ca\/?s={search_term_string}\"},\"query-input\":{\"@type\":\"PropertyValueSpecification\",\"valueRequired\":true,\"valueName\":\"search_term_string\"}}],\"inLanguage\":\"ca\"}]}<\/script>\n<!-- \/ Yoast SEO plugin. -->","yoast_head_json":{"title":"Registres i Homologacions - Fruicarn","robots":{"index":"index","follow":"follow","max-snippet":"max-snippet:-1","max-image-preview":"max-image-preview:large","max-video-preview":"max-video-preview:-1"},"canonical":"https:\/\/fruicarn.es\/ca\/registres-i-homologacions\/","og_locale":"ca_ES","og_type":"article","og_title":"Registres i Homologacions - Fruicarn","og_description":"En un mercat cada vegada m\u00e9s competitiu la import\u00e0ncia dels registres i certificacions en la ind\u00fastria agroaliment\u00e0ria \u00e9s vital. REGISTRES I HOMOLOGACIONS N.\u00ba Registre Industries Agroaliment\u00e0ries:\u00a025\/40268 RGSEAA:10.09128\/L \u2013 Emmagatzematge de carns12.12211\/L \u2013 Emmagatzematge de productes de la pesca i aq\u00fcicultura congelats.40.02427\/L \u2013 Emmagatzematge frigor\u00edfic polivalent RSIPAC:10.05355\/CAT \u2013 Emmagatzematge de carns12.05284\/CAT \u2013 Emmagatzematge de productes de [&hellip;]","og_url":"https:\/\/fruicarn.es\/ca\/registres-i-homologacions\/","og_site_name":"Fruicarn","article_modified_time":"2024-11-26T14:49:12+00:00","og_image":[{"width":800,"height":170,"url":"https:\/\/fruicarn.es\/wp-content\/uploads\/2024\/10\/800px-AESAN_logo-1.png","type":"image\/png"}],"twitter_card":"summary_large_image","twitter_misc":{"Temps estimat de lectura":"2 minuts"},"schema":{"@context":"https:\/\/schema.org","@graph":[{"@type":"WebPage","@id":"https:\/\/fruicarn.es\/ca\/registres-i-homologacions\/","url":"https:\/\/fruicarn.es\/ca\/registres-i-homologacions\/","name":"Registres i Homologacions - Fruicarn","isPartOf":{"@id":"https:\/\/fruicarn.es\/ca\/#website"},"primaryImageOfPage":{"@id":"https:\/\/fruicarn.es\/ca\/registres-i-homologacions\/#primaryimage"},"image":{"@id":"https:\/\/fruicarn.es\/ca\/registres-i-homologacions\/#primaryimage"},"thumbnailUrl":"https:\/\/fruicarn.es\/wp-content\/uploads\/2024\/10\/800px-AESAN_logo-1.png","datePublished":"2024-10-09T08:36:19+00:00","dateModified":"2024-11-26T14:49:12+00:00","breadcrumb":{"@id":"https:\/\/fruicarn.es\/ca\/registres-i-homologacions\/#breadcrumb"},"inLanguage":"ca","potentialAction":[{"@type":"ReadAction","target":["https:\/\/fruicarn.es\/ca\/registres-i-homologacions\/"]}]},{"@type":"ImageObject","inLanguage":"ca","@id":"https:\/\/fruicarn.es\/ca\/registres-i-homologacions\/#primaryimage","url":"https:\/\/fruicarn.es\/wp-content\/uploads\/2024\/10\/800px-AESAN_logo-1.png","contentUrl":"https:\/\/fruicarn.es\/wp-content\/uploads\/2024\/10\/800px-AESAN_logo-1.png"},{"@type":"BreadcrumbList","@id":"https:\/\/fruicarn.es\/ca\/registres-i-homologacions\/#breadcrumb","itemListElement":[{"@type":"ListItem","position":1,"name":"Portada","item":"https:\/\/fruicarn.es\/ca\/"},{"@type":"ListItem","position":2,"name":"Registres i Homologacions"}]},{"@type":"WebSite","@id":"https:\/\/fruicarn.es\/ca\/#website","url":"https:\/\/fruicarn.es\/ca\/","name":"Fruicarn","description":"","potentialAction":[{"@type":"SearchAction","target":{"@type":"EntryPoint","urlTemplate":"https:\/\/fruicarn.es\/ca\/?s={search_term_string}"},"query-input":{"@type":"PropertyValueSpecification","valueRequired":true,"valueName":"search_term_string"}}],"inLanguage":"ca"}]}},"_links":{"self":[{"href":"https:\/\/fruicarn.es\/ca\/wp-json\/wp\/v2\/pages\/115","targetHints":{"allow":["GET"]}}],"collection":[{"href":"https:\/\/fruicarn.es\/ca\/wp-json\/wp\/v2\/pages"}],"about":[{"href":"https:\/\/fruicarn.es\/ca\/wp-json\/wp\/v2\/types\/page"}],"author":[{"embeddable":true,"href":"https:\/\/fruicarn.es\/ca\/wp-json\/wp\/v2\/users\/1"}],"replies":[{"embeddable":true,"href":"https:\/\/fruicarn.es\/ca\/wp-json\/wp\/v2\/comments?post=115"}],"version-history":[{"count":20,"href":"https:\/\/fruicarn.es\/ca\/wp-json\/wp\/v2\/pages\/115\/revisions"}],"predecessor-version":[{"id":1036,"href":"https:\/\/fruicarn.es\/ca\/wp-json\/wp\/v2\/pages\/115\/revisions\/1036"}],"wp:attachment":[{"href":"https:\/\/fruicarn.es\/ca\/wp-json\/wp\/v2\/media?parent=115"}],"curies":[{"name":"wp","href":"https:\/\/api.w.org\/{rel}","templated":true}]}}