{"id":96,"date":"2024-10-09T08:27:31","date_gmt":"2024-10-09T08:27:31","guid":{"rendered":"https:\/\/fruicarn.panelserver.org\/?page_id=96"},"modified":"2024-11-21T09:10:53","modified_gmt":"2024-11-21T08:10:53","slug":"serveis","status":"publish","type":"page","link":"https:\/\/fruicarn.es\/ca\/serveis\/","title":{"rendered":"Serveis"},"content":{"rendered":"\t\t<div data-elementor-type=\"wp-page\" data-elementor-id=\"96\" class=\"elementor elementor-96\" data-elementor-post-type=\"page\">\n\t\t\t\t<div class=\"elementor-element elementor-element-5a70761 e-flex e-con-boxed e-con e-parent\" data-id=\"5a70761\" data-element_type=\"container\" data-settings=\"{&quot;background_background&quot;:&quot;classic&quot;}\">\n\t\t\t\t\t<div class=\"e-con-inner\">\n\t\t\t\t<div class=\"elementor-element elementor-element-498120f elementor-widget elementor-widget-heading\" data-id=\"498120f\" data-element_type=\"widget\" data-widget_type=\"heading.default\">\n\t\t\t\t<div class=\"elementor-widget-container\">\n\t\t\t\t\t<h1 class=\"elementor-heading-title elementor-size-default\">SERVEIS<\/h1>\t\t\t\t<\/div>\n\t\t\t\t<\/div>\n\t\t\t\t\t<\/div>\n\t\t\t\t<\/div>\n\t\t<div class=\"elementor-element elementor-element-672375b e-flex e-con-boxed e-con e-parent\" data-id=\"672375b\" data-element_type=\"container\" data-settings=\"{&quot;background_background&quot;:&quot;classic&quot;}\">\n\t\t\t\t\t<div class=\"e-con-inner\">\n\t\t<div class=\"elementor-element elementor-element-22775b6 e-con-full e-flex e-con e-child\" data-id=\"22775b6\" data-element_type=\"container\">\n\t\t\t\t<\/div>\n\t\t\t\t\t<\/div>\n\t\t\t\t<\/div>\n\t\t<div class=\"elementor-element elementor-element-2fda643 e-flex e-con-boxed e-con e-parent\" data-id=\"2fda643\" data-element_type=\"container\">\n\t\t\t\t\t<div class=\"e-con-inner\">\n\t\t\t\t<div class=\"elementor-element elementor-element-eb1321a elementor-widget elementor-widget-menu-anchor\" data-id=\"eb1321a\" data-element_type=\"widget\" data-widget_type=\"menu-anchor.default\">\n\t\t\t\t<div class=\"elementor-widget-container\">\n\t\t\t\t\t\t\t<div class=\"elementor-menu-anchor\" id=\"congelacion\"><\/div>\n\t\t\t\t\t\t<\/div>\n\t\t\t\t<\/div>\n\t\t\t\t\t<\/div>\n\t\t\t\t<\/div>\n\t\t<div class=\"elementor-element elementor-element-2ecbdcc e-flex e-con-boxed elementor-invisible e-con e-parent\" data-id=\"2ecbdcc\" data-element_type=\"container\" data-settings=\"{&quot;animation&quot;:&quot;fadeInUp&quot;}\">\n\t\t\t\t\t<div class=\"e-con-inner\">\n\t\t<div class=\"elementor-element elementor-element-ff3882e e-con-full e-flex e-con e-child\" data-id=\"ff3882e\" data-element_type=\"container\">\n\t\t<div class=\"elementor-element elementor-element-8bbe1cb e-con-full e-flex e-con e-child\" data-id=\"8bbe1cb\" data-element_type=\"container\" data-settings=\"{&quot;background_background&quot;:&quot;classic&quot;}\">\n\t\t\t\t<div class=\"elementor-element elementor-element-9601d5c elementor-widget elementor-widget-text-editor\" data-id=\"9601d5c\" data-element_type=\"widget\" data-widget_type=\"text-editor.default\">\n\t\t\t\t<div class=\"elementor-widget-container\">\n\t\t\t\t\t\t\t\t\t<p><strong><span class=\"OYPEnA font-feature-liga-off font-feature-clig-off font-feature-calt-off text-decoration-none text-strikethrough-none\">Congelaci\u00f3<\/span><\/strong><\/p>\t\t\t\t\t\t\t\t<\/div>\n\t\t\t\t<\/div>\n\t\t\t\t<\/div>\n\t\t\t\t<\/div>\n\t\t<div class=\"elementor-element elementor-element-2c0fc46 e-con-full e-flex e-con e-child\" data-id=\"2c0fc46\" data-element_type=\"container\">\n\t\t<div class=\"elementor-element elementor-element-ef89aca e-con-full e-flex e-con e-child\" data-id=\"ef89aca\" data-element_type=\"container\" data-settings=\"{&quot;background_background&quot;:&quot;classic&quot;}\">\n\t\t\t\t<div class=\"elementor-element elementor-element-74bd136 elementor-widget elementor-widget-text-editor\" data-id=\"74bd136\" data-element_type=\"widget\" data-widget_type=\"text-editor.default\">\n\t\t\t\t<div class=\"elementor-widget-container\">\n\t\t\t\t\t\t\t\t\t<p><strong>Congelaci\u00f3 i conservaci\u00f3 de productes.<\/strong><\/p>\t\t\t\t\t\t\t\t<\/div>\n\t\t\t\t<\/div>\n\t\t\t\t<div class=\"elementor-element elementor-element-e6ebbaf elementor-widget elementor-widget-text-editor\" data-id=\"e6ebbaf\" data-element_type=\"widget\" data-widget_type=\"text-editor.default\">\n\t\t\t\t<div class=\"elementor-widget-container\">\n\t\t\t\t\t\t\t\t\t<p>21 cambres bit\u00e9mperas amb diferents dimensions.<br \/>Capacitats des de 850 m \u00b3 fins a 9.600 m \u00b3. Temperatures -18\u00baC\/-22\u00baC.<\/p>\t\t\t\t\t\t\t\t<\/div>\n\t\t\t\t<\/div>\n\t\t\t\t<\/div>\n\t\t\t\t<\/div>\n\t\t\t\t\t<\/div>\n\t\t\t\t<\/div>\n\t\t<div class=\"elementor-element elementor-element-1641323 e-flex e-con-boxed e-con e-parent\" data-id=\"1641323\" data-element_type=\"container\">\n\t\t\t\t\t<div class=\"e-con-inner\">\n\t\t\t\t<div class=\"elementor-element elementor-element-1788abd elementor-widget elementor-widget-menu-anchor\" data-id=\"1788abd\" data-element_type=\"widget\" data-widget_type=\"menu-anchor.default\">\n\t\t\t\t<div class=\"elementor-widget-container\">\n\t\t\t\t\t\t\t<div class=\"elementor-menu-anchor\" id=\"tunel\"><\/div>\n\t\t\t\t\t\t<\/div>\n\t\t\t\t<\/div>\n\t\t\t\t\t<\/div>\n\t\t\t\t<\/div>\n\t\t<div class=\"elementor-element elementor-element-b81aca9 e-flex e-con-boxed elementor-invisible e-con e-parent\" data-id=\"b81aca9\" data-element_type=\"container\" data-settings=\"{&quot;animation&quot;:&quot;fadeInUp&quot;}\">\n\t\t\t\t\t<div class=\"e-con-inner\">\n\t\t<div class=\"elementor-element elementor-element-582e580 e-con-full e-flex e-con e-child\" data-id=\"582e580\" data-element_type=\"container\">\n\t\t<div class=\"elementor-element elementor-element-4841e95 e-con-full e-flex e-con e-child\" data-id=\"4841e95\" data-element_type=\"container\" data-settings=\"{&quot;background_background&quot;:&quot;classic&quot;}\">\n\t\t\t\t<div class=\"elementor-element elementor-element-c80809b elementor-widget elementor-widget-text-editor\" data-id=\"c80809b\" data-element_type=\"widget\" data-widget_type=\"text-editor.default\">\n\t\t\t\t<div class=\"elementor-widget-container\">\n\t\t\t\t\t\t\t\t\t<strong><span class=\"OYPEnA font-feature-liga-off font-feature-clig-off font-feature-calt-off text-decoration-none text-strikethrough-none\">T\u00fanel de congelaci\u00f3<\/span><\/strong>\t\t\t\t\t\t\t\t<\/div>\n\t\t\t\t<\/div>\n\t\t\t\t<\/div>\n\t\t\t\t<\/div>\n\t\t<div class=\"elementor-element elementor-element-3902a77 e-con-full e-flex e-con e-child\" data-id=\"3902a77\" data-element_type=\"container\">\n\t\t<div class=\"elementor-element elementor-element-28c567b e-con-full e-flex e-con e-child\" data-id=\"28c567b\" data-element_type=\"container\" data-settings=\"{&quot;background_background&quot;:&quot;classic&quot;}\">\n\t\t\t\t<div class=\"elementor-element elementor-element-5a52589 elementor-widget elementor-widget-text-editor\" data-id=\"5a52589\" data-element_type=\"widget\" data-widget_type=\"text-editor.default\">\n\t\t\t\t<div class=\"elementor-widget-container\">\n\t\t\t\t\t\t\t\t\t<strong>2 t\u00fanels de congelaci\u00f3 amb capacitat per a 40 Tn.<\/strong>\t\t\t\t\t\t\t\t<\/div>\n\t\t\t\t<\/div>\n\t\t\t\t<\/div>\n\t\t\t\t<\/div>\n\t\t\t\t\t<\/div>\n\t\t\t\t<\/div>\n\t\t<div class=\"elementor-element elementor-element-3198ce7 e-flex e-con-boxed e-con e-parent\" data-id=\"3198ce7\" data-element_type=\"container\">\n\t\t\t\t\t<div class=\"e-con-inner\">\n\t\t\t\t<div class=\"elementor-element elementor-element-3acb04b elementor-widget elementor-widget-menu-anchor\" data-id=\"3acb04b\" data-element_type=\"widget\" data-widget_type=\"menu-anchor.default\">\n\t\t\t\t<div class=\"elementor-widget-container\">\n\t\t\t\t\t\t\t<div class=\"elementor-menu-anchor\" id=\"refrigeracion\"><\/div>\n\t\t\t\t\t\t<\/div>\n\t\t\t\t<\/div>\n\t\t\t\t\t<\/div>\n\t\t\t\t<\/div>\n\t\t<div class=\"elementor-element elementor-element-3aadd5a e-flex e-con-boxed elementor-invisible e-con e-parent\" data-id=\"3aadd5a\" data-element_type=\"container\" data-settings=\"{&quot;animation&quot;:&quot;fadeInUp&quot;}\">\n\t\t\t\t\t<div class=\"e-con-inner\">\n\t\t<div class=\"elementor-element elementor-element-3974f1a e-con-full e-flex e-con e-child\" data-id=\"3974f1a\" data-element_type=\"container\">\n\t\t<div class=\"elementor-element elementor-element-d0b637a e-con-full e-flex e-con e-child\" data-id=\"d0b637a\" data-element_type=\"container\" data-settings=\"{&quot;background_background&quot;:&quot;classic&quot;}\">\n\t\t\t\t<div class=\"elementor-element elementor-element-2fc9dd8 elementor-widget elementor-widget-text-editor\" data-id=\"2fc9dd8\" data-element_type=\"widget\" data-widget_type=\"text-editor.default\">\n\t\t\t\t<div class=\"elementor-widget-container\">\n\t\t\t\t\t\t\t\t\t<p><strong><span class=\"OYPEnA font-feature-liga-off font-feature-clig-off font-feature-calt-off text-decoration-none text-strikethrough-none\">Refrigeraci\u00f3<\/span><\/strong><\/p>\t\t\t\t\t\t\t\t<\/div>\n\t\t\t\t<\/div>\n\t\t\t\t<\/div>\n\t\t\t\t<\/div>\n\t\t<div class=\"elementor-element elementor-element-bb19348 e-con-full e-flex e-con e-child\" data-id=\"bb19348\" data-element_type=\"container\">\n\t\t<div class=\"elementor-element elementor-element-138a5b0 e-con-full e-flex e-con e-child\" data-id=\"138a5b0\" data-element_type=\"container\" data-settings=\"{&quot;background_background&quot;:&quot;classic&quot;}\">\n\t\t\t\t<div class=\"elementor-element elementor-element-3061db3 elementor-widget elementor-widget-text-editor\" data-id=\"3061db3\" data-element_type=\"widget\" data-widget_type=\"text-editor.default\">\n\t\t\t\t<div class=\"elementor-widget-container\">\n\t\t\t\t\t\t\t\t\t<strong>Solucions de refrigerat eficient i personalitzat.<\/strong>\t\t\t\t\t\t\t\t<\/div>\n\t\t\t\t<\/div>\n\t\t\t\t<div class=\"elementor-element elementor-element-f8acc3b elementor-widget elementor-widget-text-editor\" data-id=\"f8acc3b\" data-element_type=\"widget\" data-widget_type=\"text-editor.default\">\n\t\t\t\t<div class=\"elementor-widget-container\">\n\t\t\t\t\t\t\t\t\t<p>21 cambres bit\u00e9mperas amb diferents dimensions.<br \/>Capacitats des de 850 m \u00b3 fins a 9.600 m \u00b3. Temperatures + 0\u00baC\/+ 6\u00baC.<\/p>\t\t\t\t\t\t\t\t<\/div>\n\t\t\t\t<\/div>\n\t\t\t\t<\/div>\n\t\t\t\t<\/div>\n\t\t\t\t\t<\/div>\n\t\t\t\t<\/div>\n\t\t<div class=\"elementor-element elementor-element-c1ca2e3 e-flex e-con-boxed e-con e-parent\" data-id=\"c1ca2e3\" data-element_type=\"container\">\n\t\t\t\t\t<div class=\"e-con-inner\">\n\t\t\t\t<div class=\"elementor-element elementor-element-647c570 elementor-widget elementor-widget-menu-anchor\" data-id=\"647c570\" data-element_type=\"widget\" data-widget_type=\"menu-anchor.default\">\n\t\t\t\t<div class=\"elementor-widget-container\">\n\t\t\t\t\t\t\t<div class=\"elementor-menu-anchor\" id=\"ambiente\"><\/div>\n\t\t\t\t\t\t<\/div>\n\t\t\t\t<\/div>\n\t\t\t\t\t<\/div>\n\t\t\t\t<\/div>\n\t\t<div class=\"elementor-element elementor-element-b5b5092 e-flex e-con-boxed elementor-invisible e-con e-parent\" data-id=\"b5b5092\" data-element_type=\"container\" data-settings=\"{&quot;animation&quot;:&quot;fadeInUp&quot;}\">\n\t\t\t\t\t<div class=\"e-con-inner\">\n\t\t<div class=\"elementor-element elementor-element-2c78a3b e-con-full e-flex e-con e-child\" data-id=\"2c78a3b\" data-element_type=\"container\">\n\t\t<div class=\"elementor-element elementor-element-16dd311 e-con-full e-flex e-con e-child\" data-id=\"16dd311\" data-element_type=\"container\" data-settings=\"{&quot;background_background&quot;:&quot;classic&quot;}\">\n\t\t\t\t<div class=\"elementor-element elementor-element-e8cf07a elementor-widget elementor-widget-text-editor\" data-id=\"e8cf07a\" data-element_type=\"widget\" data-widget_type=\"text-editor.default\">\n\t\t\t\t<div class=\"elementor-widget-container\">\n\t\t\t\t\t\t\t\t\t<p><strong><span class=\"OYPEnA font-feature-liga-off font-feature-clig-off font-feature-calt-off text-decoration-none text-strikethrough-none\">Ambient<\/span><\/strong><\/p>\t\t\t\t\t\t\t\t<\/div>\n\t\t\t\t<\/div>\n\t\t\t\t<\/div>\n\t\t\t\t<\/div>\n\t\t<div class=\"elementor-element elementor-element-e201143 e-con-full e-flex e-con e-child\" data-id=\"e201143\" data-element_type=\"container\">\n\t\t<div class=\"elementor-element elementor-element-b039117 e-con-full e-flex e-con e-child\" data-id=\"b039117\" data-element_type=\"container\" data-settings=\"{&quot;background_background&quot;:&quot;classic&quot;}\">\n\t\t\t\t<div class=\"elementor-element elementor-element-c23e8b2 elementor-widget elementor-widget-text-editor\" data-id=\"c23e8b2\" data-element_type=\"widget\" data-widget_type=\"text-editor.default\">\n\t\t\t\t<div class=\"elementor-widget-container\">\n\t\t\t\t\t\t\t\t\t<p><strong>Servei d&#8217; emmagatzematge<\/strong><\/p>\t\t\t\t\t\t\t\t<\/div>\n\t\t\t\t<\/div>\n\t\t\t\t<div class=\"elementor-element elementor-element-d1564b4 elementor-widget elementor-widget-text-editor\" data-id=\"d1564b4\" data-element_type=\"widget\" data-widget_type=\"text-editor.default\">\n\t\t\t\t<div class=\"elementor-widget-container\">\n\t\t\t\t\t\t\t\t\tEmmagatzematge en temperatura ambient amb capacitat per a 3.200 palets.\t\t\t\t\t\t\t\t<\/div>\n\t\t\t\t<\/div>\n\t\t\t\t<\/div>\n\t\t\t\t<\/div>\n\t\t\t\t\t<\/div>\n\t\t\t\t<\/div>\n\t\t<div class=\"elementor-element elementor-element-0fb4f7c e-flex e-con-boxed e-con e-parent\" data-id=\"0fb4f7c\" data-element_type=\"container\">\n\t\t\t\t\t<div class=\"e-con-inner\">\n\t\t\t\t<div class=\"elementor-element elementor-element-e8d57fb elementor-widget elementor-widget-menu-anchor\" data-id=\"e8d57fb\" data-element_type=\"widget\" data-widget_type=\"menu-anchor.default\">\n\t\t\t\t<div class=\"elementor-widget-container\">\n\t\t\t\t\t\t\t<div class=\"elementor-menu-anchor\" id=\"cross\"><\/div>\n\t\t\t\t\t\t<\/div>\n\t\t\t\t<\/div>\n\t\t\t\t\t<\/div>\n\t\t\t\t<\/div>\n\t\t<div class=\"elementor-element elementor-element-117465c e-flex e-con-boxed elementor-invisible e-con e-parent\" data-id=\"117465c\" data-element_type=\"container\" data-settings=\"{&quot;animation&quot;:&quot;fadeInUp&quot;}\">\n\t\t\t\t\t<div class=\"e-con-inner\">\n\t\t<div class=\"elementor-element elementor-element-0f1a340 e-con-full e-flex e-con e-child\" data-id=\"0f1a340\" data-element_type=\"container\">\n\t\t<div class=\"elementor-element elementor-element-fe4911c e-con-full e-flex e-con e-child\" data-id=\"fe4911c\" data-element_type=\"container\" data-settings=\"{&quot;background_background&quot;:&quot;classic&quot;}\">\n\t\t\t\t<div class=\"elementor-element elementor-element-cfdf827 elementor-widget elementor-widget-text-editor\" data-id=\"cfdf827\" data-element_type=\"widget\" data-widget_type=\"text-editor.default\">\n\t\t\t\t<div class=\"elementor-widget-container\">\n\t\t\t\t\t\t\t\t\t<p><strong><span class=\"OYPEnA font-feature-liga-off font-feature-clig-off font-feature-calt-off text-decoration-none text-strikethrough-none\">Cross-Docking<\/span><\/strong><\/p>\t\t\t\t\t\t\t\t<\/div>\n\t\t\t\t<\/div>\n\t\t\t\t<\/div>\n\t\t\t\t<\/div>\n\t\t<div class=\"elementor-element elementor-element-31f0d88 e-con-full e-flex e-con e-child\" data-id=\"31f0d88\" data-element_type=\"container\">\n\t\t<div class=\"elementor-element elementor-element-541b7ed e-con-full e-flex e-con e-child\" data-id=\"541b7ed\" data-element_type=\"container\" data-settings=\"{&quot;background_background&quot;:&quot;classic&quot;}\">\n\t\t\t\t<div class=\"elementor-element elementor-element-705e602 elementor-widget elementor-widget-text-editor\" data-id=\"705e602\" data-element_type=\"widget\" data-widget_type=\"text-editor.default\">\n\t\t\t\t<div class=\"elementor-widget-container\">\n\t\t\t\t\t\t\t\t\t<p><strong>Cross-Docking<\/strong><\/p>\t\t\t\t\t\t\t\t<\/div>\n\t\t\t\t<\/div>\n\t\t\t\t<div class=\"elementor-element elementor-element-ded73bf elementor-widget elementor-widget-text-editor\" data-id=\"ded73bf\" data-element_type=\"widget\" data-widget_type=\"text-editor.default\">\n\t\t\t\t<div class=\"elementor-widget-container\">\n\t\t\t\t\t\t\t\t\tPlatja de 200 m \u00b2. refrigerada amb molls per al transvasament de mercaderies.\t\t\t\t\t\t\t\t<\/div>\n\t\t\t\t<\/div>\n\t\t\t\t<\/div>\n\t\t\t\t<\/div>\n\t\t\t\t\t<\/div>\n\t\t\t\t<\/div>\n\t\t<div class=\"elementor-element elementor-element-93eb1ae e-flex e-con-boxed e-con e-parent\" data-id=\"93eb1ae\" data-element_type=\"container\">\n\t\t\t\t\t<div class=\"e-con-inner\">\n\t\t\t\t<div class=\"elementor-element elementor-element-c748bad elementor-widget elementor-widget-menu-anchor\" data-id=\"c748bad\" data-element_type=\"widget\" data-widget_type=\"menu-anchor.default\">\n\t\t\t\t<div class=\"elementor-widget-container\">\n\t\t\t\t\t\t\t<div class=\"elementor-menu-anchor\" id=\"servicios-complementarios\"><\/div>\n\t\t\t\t\t\t<\/div>\n\t\t\t\t<\/div>\n\t\t\t\t\t<\/div>\n\t\t\t\t<\/div>\n\t\t<div class=\"elementor-element elementor-element-eac418a e-flex e-con-boxed elementor-invisible e-con e-parent\" data-id=\"eac418a\" data-element_type=\"container\" data-settings=\"{&quot;animation&quot;:&quot;fadeInUp&quot;}\">\n\t\t\t\t\t<div class=\"e-con-inner\">\n\t\t<div class=\"elementor-element elementor-element-44f913a e-con-full e-flex e-con e-child\" data-id=\"44f913a\" data-element_type=\"container\">\n\t\t<div class=\"elementor-element elementor-element-44e803d e-con-full e-flex e-con e-child\" data-id=\"44e803d\" data-element_type=\"container\" data-settings=\"{&quot;background_background&quot;:&quot;classic&quot;}\">\n\t\t\t\t<div class=\"elementor-element elementor-element-ecc9bbd elementor-widget elementor-widget-text-editor\" data-id=\"ecc9bbd\" data-element_type=\"widget\" data-widget_type=\"text-editor.default\">\n\t\t\t\t<div class=\"elementor-widget-container\">\n\t\t\t\t\t\t\t\t\t<p><strong><span class=\"OYPEnA font-feature-liga-off font-feature-clig-off font-feature-calt-off text-decoration-none text-strikethrough-none\">Serveis complementaris<\/span><\/strong><\/p>\t\t\t\t\t\t\t\t<\/div>\n\t\t\t\t<\/div>\n\t\t\t\t<\/div>\n\t\t\t\t<\/div>\n\t\t<div class=\"elementor-element elementor-element-cc7326c e-con-full e-flex e-con e-child\" data-id=\"cc7326c\" data-element_type=\"container\">\n\t\t<div class=\"elementor-element elementor-element-b284572 e-con-full e-flex e-con e-child\" data-id=\"b284572\" data-element_type=\"container\" data-settings=\"{&quot;background_background&quot;:&quot;classic&quot;}\">\n\t\t\t\t<div class=\"elementor-element elementor-element-70b63a1 elementor-widget elementor-widget-text-editor\" data-id=\"70b63a1\" data-element_type=\"widget\" data-widget_type=\"text-editor.default\">\n\t\t\t\t<div class=\"elementor-widget-container\">\n\t\t\t\t\t\t\t\t\t<strong>Serveis amb valor afegit<\/strong>\t\t\t\t\t\t\t\t<\/div>\n\t\t\t\t<\/div>\n\t\t\t\t<div class=\"elementor-element elementor-element-b9be2af elementor-widget elementor-widget-text-editor\" data-id=\"b9be2af\" data-element_type=\"widget\" data-widget_type=\"text-editor.default\">\n\t\t\t\t<div class=\"elementor-widget-container\">\n\t\t\t\t\t\t\t\t\t<ul><li>Solucions a mida per a emmagatzematge en fred<\/li><li>C\u00e0rrega i desc\u00e0rrega de contenidors<\/li><li>Picking, repaletitzacions, etiquetatges<\/li><li>Lloguer d&#8217; espais per a l&#8217; activitat dels nostres clients<\/li><\/ul>\t\t\t\t\t\t\t\t<\/div>\n\t\t\t\t<\/div>\n\t\t\t\t<\/div>\n\t\t\t\t<\/div>\n\t\t\t\t\t<\/div>\n\t\t\t\t<\/div>\n\t\t\t\t<\/div>\n\t\t","protected":false},"excerpt":{"rendered":"<p>SERVEIS Congelaci\u00f3 Congelaci\u00f3 i conservaci\u00f3 de productes. 21 cambres bit\u00e9mperas amb diferents dimensions.Capacitats des de 850 m \u00b3 fins a 9.600 m \u00b3. Temperatures -18\u00baC\/-22\u00baC. T\u00fanel de congelaci\u00f32 t\u00fanels de congelaci\u00f3 amb capacitat per a 40 Tn. Refrigeraci\u00f3 Solucions de refrigerat eficient i personalitzat. 21 cambres bit\u00e9mperas amb diferents dimensions.Capacitats des de 850 m \u00b3 [&hellip;]<\/p>\n","protected":false},"author":1,"featured_media":0,"parent":0,"menu_order":0,"comment_status":"closed","ping_status":"closed","template":"elementor_header_footer","meta":{"footnotes":""},"class_list":["post-96","page","type-page","status-publish","hentry"],"yoast_head":"<!-- This site is optimized with the Yoast SEO plugin v25.2 - https:\/\/yoast.com\/wordpress\/plugins\/seo\/ -->\n<title>Serveis - Fruicarn<\/title>\n<meta name=\"robots\" content=\"index, follow, max-snippet:-1, max-image-preview:large, max-video-preview:-1\" \/>\n<link rel=\"canonical\" href=\"https:\/\/fruicarn.es\/ca\/serveis\/\" \/>\n<meta property=\"og:locale\" content=\"ca_ES\" \/>\n<meta property=\"og:type\" content=\"article\" \/>\n<meta property=\"og:title\" content=\"Serveis - Fruicarn\" \/>\n<meta property=\"og:description\" content=\"SERVEIS Congelaci\u00f3 Congelaci\u00f3 i conservaci\u00f3 de productes. 21 cambres bit\u00e9mperas amb diferents dimensions.Capacitats des de 850 m \u00b3 fins a 9.600 m \u00b3. Temperatures -18\u00baC\/-22\u00baC. T\u00fanel de congelaci\u00f32 t\u00fanels de congelaci\u00f3 amb capacitat per a 40 Tn. Refrigeraci\u00f3 Solucions de refrigerat eficient i personalitzat. 21 cambres bit\u00e9mperas amb diferents dimensions.Capacitats des de 850 m \u00b3 [&hellip;]\" \/>\n<meta property=\"og:url\" content=\"https:\/\/fruicarn.es\/ca\/serveis\/\" \/>\n<meta property=\"og:site_name\" content=\"Fruicarn\" \/>\n<meta property=\"article:modified_time\" content=\"2024-11-21T08:10:53+00:00\" \/>\n<meta name=\"twitter:card\" content=\"summary_large_image\" \/>\n<meta name=\"twitter:label1\" content=\"Temps estimat de lectura\" \/>\n\t<meta name=\"twitter:data1\" content=\"1 minut\" \/>\n<script type=\"application\/ld+json\" class=\"yoast-schema-graph\">{\"@context\":\"https:\/\/schema.org\",\"@graph\":[{\"@type\":\"WebPage\",\"@id\":\"https:\/\/fruicarn.es\/ca\/serveis\/\",\"url\":\"https:\/\/fruicarn.es\/ca\/serveis\/\",\"name\":\"Serveis - Fruicarn\",\"isPartOf\":{\"@id\":\"https:\/\/fruicarn.es\/ca\/#website\"},\"datePublished\":\"2024-10-09T08:27:31+00:00\",\"dateModified\":\"2024-11-21T08:10:53+00:00\",\"breadcrumb\":{\"@id\":\"https:\/\/fruicarn.es\/ca\/serveis\/#breadcrumb\"},\"inLanguage\":\"ca\",\"potentialAction\":[{\"@type\":\"ReadAction\",\"target\":[\"https:\/\/fruicarn.es\/ca\/serveis\/\"]}]},{\"@type\":\"BreadcrumbList\",\"@id\":\"https:\/\/fruicarn.es\/ca\/serveis\/#breadcrumb\",\"itemListElement\":[{\"@type\":\"ListItem\",\"position\":1,\"name\":\"Portada\",\"item\":\"https:\/\/fruicarn.es\/ca\/\"},{\"@type\":\"ListItem\",\"position\":2,\"name\":\"Serveis\"}]},{\"@type\":\"WebSite\",\"@id\":\"https:\/\/fruicarn.es\/ca\/#website\",\"url\":\"https:\/\/fruicarn.es\/ca\/\",\"name\":\"Fruicarn\",\"description\":\"\",\"potentialAction\":[{\"@type\":\"SearchAction\",\"target\":{\"@type\":\"EntryPoint\",\"urlTemplate\":\"https:\/\/fruicarn.es\/ca\/?s={search_term_string}\"},\"query-input\":{\"@type\":\"PropertyValueSpecification\",\"valueRequired\":true,\"valueName\":\"search_term_string\"}}],\"inLanguage\":\"ca\"}]}<\/script>\n<!-- \/ Yoast SEO plugin. -->","yoast_head_json":{"title":"Serveis - Fruicarn","robots":{"index":"index","follow":"follow","max-snippet":"max-snippet:-1","max-image-preview":"max-image-preview:large","max-video-preview":"max-video-preview:-1"},"canonical":"https:\/\/fruicarn.es\/ca\/serveis\/","og_locale":"ca_ES","og_type":"article","og_title":"Serveis - Fruicarn","og_description":"SERVEIS Congelaci\u00f3 Congelaci\u00f3 i conservaci\u00f3 de productes. 21 cambres bit\u00e9mperas amb diferents dimensions.Capacitats des de 850 m \u00b3 fins a 9.600 m \u00b3. Temperatures -18\u00baC\/-22\u00baC. T\u00fanel de congelaci\u00f32 t\u00fanels de congelaci\u00f3 amb capacitat per a 40 Tn. Refrigeraci\u00f3 Solucions de refrigerat eficient i personalitzat. 21 cambres bit\u00e9mperas amb diferents dimensions.Capacitats des de 850 m \u00b3 [&hellip;]","og_url":"https:\/\/fruicarn.es\/ca\/serveis\/","og_site_name":"Fruicarn","article_modified_time":"2024-11-21T08:10:53+00:00","twitter_card":"summary_large_image","twitter_misc":{"Temps estimat de lectura":"1 minut"},"schema":{"@context":"https:\/\/schema.org","@graph":[{"@type":"WebPage","@id":"https:\/\/fruicarn.es\/ca\/serveis\/","url":"https:\/\/fruicarn.es\/ca\/serveis\/","name":"Serveis - Fruicarn","isPartOf":{"@id":"https:\/\/fruicarn.es\/ca\/#website"},"datePublished":"2024-10-09T08:27:31+00:00","dateModified":"2024-11-21T08:10:53+00:00","breadcrumb":{"@id":"https:\/\/fruicarn.es\/ca\/serveis\/#breadcrumb"},"inLanguage":"ca","potentialAction":[{"@type":"ReadAction","target":["https:\/\/fruicarn.es\/ca\/serveis\/"]}]},{"@type":"BreadcrumbList","@id":"https:\/\/fruicarn.es\/ca\/serveis\/#breadcrumb","itemListElement":[{"@type":"ListItem","position":1,"name":"Portada","item":"https:\/\/fruicarn.es\/ca\/"},{"@type":"ListItem","position":2,"name":"Serveis"}]},{"@type":"WebSite","@id":"https:\/\/fruicarn.es\/ca\/#website","url":"https:\/\/fruicarn.es\/ca\/","name":"Fruicarn","description":"","potentialAction":[{"@type":"SearchAction","target":{"@type":"EntryPoint","urlTemplate":"https:\/\/fruicarn.es\/ca\/?s={search_term_string}"},"query-input":{"@type":"PropertyValueSpecification","valueRequired":true,"valueName":"search_term_string"}}],"inLanguage":"ca"}]}},"_links":{"self":[{"href":"https:\/\/fruicarn.es\/ca\/wp-json\/wp\/v2\/pages\/96","targetHints":{"allow":["GET"]}}],"collection":[{"href":"https:\/\/fruicarn.es\/ca\/wp-json\/wp\/v2\/pages"}],"about":[{"href":"https:\/\/fruicarn.es\/ca\/wp-json\/wp\/v2\/types\/page"}],"author":[{"embeddable":true,"href":"https:\/\/fruicarn.es\/ca\/wp-json\/wp\/v2\/users\/1"}],"replies":[{"embeddable":true,"href":"https:\/\/fruicarn.es\/ca\/wp-json\/wp\/v2\/comments?post=96"}],"version-history":[{"count":22,"href":"https:\/\/fruicarn.es\/ca\/wp-json\/wp\/v2\/pages\/96\/revisions"}],"predecessor-version":[{"id":971,"href":"https:\/\/fruicarn.es\/ca\/wp-json\/wp\/v2\/pages\/96\/revisions\/971"}],"wp:attachment":[{"href":"https:\/\/fruicarn.es\/ca\/wp-json\/wp\/v2\/media?parent=96"}],"curies":[{"name":"wp","href":"https:\/\/api.w.org\/{rel}","templated":true}]}}